{"id":9,"date":"2026-02-17T01:37:14","date_gmt":"2026-02-17T01:37:14","guid":{"rendered":"https:\/\/controlvial.mx\/?page_id=9"},"modified":"2026-03-16T22:58:04","modified_gmt":"2026-03-16T22:58:04","slug":"inicio","status":"publish","type":"page","link":"https:\/\/controlvial.mx\/","title":{"rendered":"Inicio"},"content":{"rendered":"\n<div class=\"wp-block-cover alignfull\" style=\"min-height:720px;aspect-ratio:unset;\"><span aria-hidden=\"true\" class=\"wp-block-cover__background has-background-dim-100 has-background-dim has-background-gradient\" style=\"background:linear-gradient(135deg,rgb(206,206,206) 0%,rgb(255,105,0) 100%)\"><\/span><div class=\"wp-block-cover__inner-container is-layout-flow wp-block-cover-is-layout-flow\">\n<div class=\"inherit-container-width wp-block-group alignwide is-layout-constrained wp-block-group-is-layout-constrained\">\n<div class=\"wp-block-media-text alignwide has-media-on-the-right is-stacked-on-mobile is-vertically-aligned-center\" style=\"border-style:none;border-width:0px;grid-template-columns:auto 37%\"><div class=\"wp-block-media-text__content\">\n<h2 class=\"wp-block-heading has-text-align-center has-ast-global-color-4-color has-text-color has-x-large-font-size\" style=\"letter-spacing:1px;line-height:1.7\">Seguridad y eficiencia<\/h2>\n\n\n\n<p class=\"has-text-align-center has-white-color has-text-color has-x-large-font-size\"><strong>en infraestructura vial<\/strong><\/p>\n\n\n\n<div class=\"wp-block-buttons is-layout-flex wp-block-buttons-is-layout-flex\"><\/div>\n<\/div><figure class=\"wp-block-media-text__media\"><img loading=\"lazy\" decoding=\"async\" width=\"415\" height=\"599\" src=\"https:\/\/controlvial.mx\/wp-content\/uploads\/2026\/02\/road.png\" alt=\"\" class=\"wp-image-38 size-full\" srcset=\"https:\/\/controlvial.mx\/wp-content\/uploads\/2026\/02\/road.png 415w, https:\/\/controlvial.mx\/wp-content\/uploads\/2026\/02\/road-208x300.png 208w\" sizes=\"auto, (max-width: 415px) 100vw, 415px\" \/><\/figure><\/div>\n<\/div>\n<\/div><\/div>\n\n\n\n<div class=\"wp-block-group alignfull has-ast-global-color-5-background-color has-background is-layout-constrained wp-container-core-group-is-layout-9cedb757 wp-block-group-is-layout-constrained\" style=\"padding-bottom:0px\">\n<div class=\"wp-block-columns are-vertically-aligned-top is-layout-flex wp-container-core-columns-is-layout-00723822 wp-block-columns-is-layout-flex\">\n<div class=\"wp-block-column is-vertically-aligned-top is-layout-flow wp-container-core-column-is-layout-6b73ce23 wp-block-column-is-layout-flow\">\n<figure class=\"wp-block-image size-large is-resized\"><img decoding=\"async\" src=\"https:\/\/controlvial.mx\/wp-content\/themes\/astra\/inc\/assets\/images\/starter-content\/road-roller.svg\" alt=\"\" style=\"width:68px;height:auto\"\/><\/figure>\n\n\n\n<h3 class=\"wp-block-heading has-text-align-left\" style=\"margin-top:16px\">Soluciones 360\u00ba<\/h3>\n\n\n\n<p class=\"has-text-align-left\">Servicios de bacheo, reencarpetamiento y conservaci\u00f3n de tramos viales para garantizar traslados seguros y fluidos<\/p>\n<\/div>\n\n\n\n<div class=\"wp-block-column is-vertically-aligned-top is-layout-flow wp-container-core-column-is-layout-6b73ce23 wp-block-column-is-layout-flow\">\n<figure class=\"wp-block-image size-large is-resized\"><img decoding=\"async\" src=\"https:\/\/controlvial.mx\/wp-content\/themes\/astra\/inc\/assets\/images\/starter-content\/road-sign.svg\" alt=\"\" style=\"width:56px;height:auto\"\/><\/figure>\n\n\n\n<h3 class=\"wp-block-heading has-text-align-left\" style=\"margin-top:16px\">Se\u00f1alizaci\u00f3n<\/h3>\n\n\n\n<p class=\"has-text-align-left\">Aplicaci\u00f3n de pintura termopl\u00e1stica de alta resistencia y fabricaci\u00f3n de se\u00f1ales restrictivas<strong>.<\/strong> <\/p>\n<\/div>\n\n\n\n<div class=\"wp-block-column is-vertically-aligned-top is-layout-flow wp-container-core-column-is-layout-6b73ce23 wp-block-column-is-layout-flow\">\n<figure class=\"wp-block-image size-large is-resized\"><img decoding=\"async\" src=\"https:\/\/controlvial.mx\/wp-content\/themes\/astra\/inc\/assets\/images\/starter-content\/emergency.svg\" alt=\"\" style=\"width:57px;height:auto\"\/><\/figure>\n\n\n\n<h3 class=\"wp-block-heading has-text-align-left\" style=\"margin-top:16px\">Sentido de Urgencia<\/h3>\n\n\n\n<p class=\"has-text-align-left\">Desde el mantenimiento de un crucero hasta la se\u00f1alizaci\u00f3n de una autopista completa, estamos listos para operar.<\/p>\n<\/div>\n\n\n\n<div class=\"wp-block-column is-vertically-aligned-top is-layout-flow wp-container-core-column-is-layout-6b73ce23 wp-block-column-is-layout-flow\">\n<figure class=\"wp-block-image size-large is-resized\"><img decoding=\"async\" src=\"https:\/\/controlvial.mx\/wp-content\/themes\/astra\/inc\/assets\/images\/starter-content\/safety.svg\" alt=\"\" style=\"width:55px;height:auto\"\/><\/figure>\n\n\n\n<h3 class=\"wp-block-heading has-text-align-left\" style=\"margin-top:16px\">Seguridad Vial<\/h3>\n\n\n\n<p class=\"has-text-align-left\">Colocaci\u00f3n de vialetas, botones, defensas met\u00e1licas y reductores de velocidad certificados.<\/p>\n<\/div>\n<\/div>\n<\/div>\n\n\n\n<div class=\"wp-block-group alignfull is-layout-constrained wp-container-core-group-is-layout-45b0ac4f wp-block-group-is-layout-constrained\" id=\"services\" style=\"padding-top:144px;padding-bottom:0px\">\n<h2 class=\"wp-block-heading\">Nuestros Servicios<\/h2>\n\n\n\n<div class=\"wp-block-columns is-layout-flex wp-container-core-columns-is-layout-60cbf9bb wp-block-columns-is-layout-flex\" style=\"margin-top:50px\">\n<div class=\"wp-block-column is-layout-flow wp-container-core-column-is-layout-6b73ce23 wp-block-column-is-layout-flow\">\n<figure class=\"wp-block-image size-full\"><img loading=\"lazy\" decoding=\"async\" width=\"481\" height=\"601\" src=\"https:\/\/controlvial.mx\/wp-content\/uploads\/2026\/03\/Servicios-100.jpg\" alt=\"\" class=\"wp-image-55\" srcset=\"https:\/\/controlvial.mx\/wp-content\/uploads\/2026\/03\/Servicios-100.jpg 481w, https:\/\/controlvial.mx\/wp-content\/uploads\/2026\/03\/Servicios-100-240x300.jpg 240w\" sizes=\"auto, (max-width: 481px) 100vw, 481px\" \/><\/figure>\n\n\n\n<h3 class=\"wp-block-heading\" style=\"margin-top:16px\">Mantenimiento<\/h3>\n\n\n\n<p>Ofrecemos servicio integlar de mantenimiento preventivo y correctivo para todos los equipos.<\/p>\n<\/div>\n\n\n\n<div class=\"wp-block-column is-layout-flow wp-container-core-column-is-layout-6b73ce23 wp-block-column-is-layout-flow\">\n<figure class=\"wp-block-image size-full\"><img loading=\"lazy\" decoding=\"async\" width=\"481\" height=\"601\" src=\"https:\/\/controlvial.mx\/wp-content\/uploads\/2026\/03\/instalacion.jpg\" alt=\"\" class=\"wp-image-57\" srcset=\"https:\/\/controlvial.mx\/wp-content\/uploads\/2026\/03\/instalacion.jpg 481w, https:\/\/controlvial.mx\/wp-content\/uploads\/2026\/03\/instalacion-240x300.jpg 240w\" sizes=\"auto, (max-width: 481px) 100vw, 481px\" \/><\/figure>\n\n\n\n<h3 class=\"wp-block-heading\" style=\"margin-top:16px\">Instalaci\u00f3n<\/h3>\n\n\n\n<p>Contamos con el personal y equipo personalizado para realizar la instalaci\u00f3n de nuestros productos.<\/p>\n<\/div>\n\n\n\n<div class=\"wp-block-column is-layout-flow wp-container-core-column-is-layout-6b73ce23 wp-block-column-is-layout-flow\">\n<figure class=\"wp-block-image size-full\"><img loading=\"lazy\" decoding=\"async\" width=\"481\" height=\"601\" src=\"https:\/\/controlvial.mx\/wp-content\/uploads\/2026\/03\/programacion.jpg\" alt=\"\" class=\"wp-image-59\" srcset=\"https:\/\/controlvial.mx\/wp-content\/uploads\/2026\/03\/programacion.jpg 481w, https:\/\/controlvial.mx\/wp-content\/uploads\/2026\/03\/programacion-240x300.jpg 240w\" sizes=\"auto, (max-width: 481px) 100vw, 481px\" \/><\/figure>\n\n\n\n<h3 class=\"wp-block-heading\" style=\"margin-top:16px\">Programaci\u00f3n<\/h3>\n\n\n\n<p>Ofrecemos el servicio de programaci\u00f3n para el uso de sistemas y productos.<\/p>\n<\/div>\n<\/div>\n<\/div>\n\n\n\n<div class=\"wp-block-group alignfull has-ast-global-color-5-background-color has-background is-layout-constrained wp-container-core-group-is-layout-94d206d0 wp-block-group-is-layout-constrained\" id=\"about\" style=\"padding-top:143px;padding-bottom:144px\">\n<div class=\"wp-block-media-text has-media-on-the-right is-stacked-on-mobile is-vertically-aligned-center\" style=\"grid-template-columns:auto 51%\"><div class=\"wp-block-media-text__content\">\n<div class=\"inherit-container-width wp-block-group is-layout-constrained wp-container-core-group-is-layout-47ce07ec wp-block-group-is-layout-constrained\" style=\"padding-right:80px\">\n<h2 class=\"wp-block-heading has-large-font-size\" style=\"padding-top:0;padding-right:0px;font-style:normal;font-weight:400\">Certificaciones.<\/h2>\n\n\n\n<p>Cumplimos con todas las normativas vigentes en todos nuestros productos.<\/p>\n\n\n\n<p>Utilizando veh\u00edculos y maquinaria propia para asegurar el comprimiento de nuestros compromisos.<\/p>\n<\/div>\n<\/div><figure class=\"wp-block-media-text__media\"><img loading=\"lazy\" decoding=\"async\" width=\"640\" height=\"428\" src=\"https:\/\/controlvial.mx\/wp-content\/uploads\/2026\/02\/Balizamiento.png\" alt=\"\" class=\"wp-image-34 size-full\" srcset=\"https:\/\/controlvial.mx\/wp-content\/uploads\/2026\/02\/Balizamiento.png 640w, https:\/\/controlvial.mx\/wp-content\/uploads\/2026\/02\/Balizamiento-300x201.png 300w\" sizes=\"auto, (max-width: 640px) 100vw, 640px\" \/><\/figure><\/div>\n<\/div>\n\n\n\n<div class=\"wp-block-group alignfull has-ast-global-color-4-background-color has-background is-layout-constrained wp-container-core-group-is-layout-6a2cfb7b wp-block-group-is-layout-constrained\" id=\"reviews\">\n<figure class=\"wp-block-image aligncenter size-full\"><img decoding=\"async\" src=\"https:\/\/controlvial.mx\/wp-content\/themes\/astra\/inc\/assets\/images\/starter-content\/avatar.png\" alt=\"\" class=\"wp-image-235\"\/><\/figure>\n\n\n\n<p class=\"has-text-align-center\" style=\"font-size:22px;line-height:1.6\">\u201cSin duda alguna recomiento ampliamente los servicios de Control vial, amables, puntuales. Gracias Contro Vial\u201d<\/p>\n\n\n\n<p class=\"has-text-align-center\"><strong>Roberto Medina<\/strong><\/p>\n<\/div>\n\n\n\n<div class=\"wp-block-group alignfull is-layout-constrained wp-container-core-group-is-layout-3fee123f wp-block-group-is-layout-constrained\" id=\"whyus\" style=\"padding-top:144px;padding-bottom:144px\">\n<h2 class=\"wp-block-heading has-text-align-center\">\u00bfPor que elegir a Contro Vial?<\/h2>\n\n\n\n<div class=\"wp-block-columns is-layout-flex wp-container-core-columns-is-layout-29aadeec wp-block-columns-is-layout-flex\" style=\"margin-top:60px\">\n<div class=\"wp-block-column is-layout-flow wp-container-core-column-is-layout-6b73ce23 wp-block-column-is-layout-flow\">\n<figure class=\"wp-block-image size-large is-resized\"><img decoding=\"async\" src=\"https:\/\/controlvial.mx\/wp-content\/themes\/astra\/inc\/assets\/images\/starter-content\/worker.svg\" alt=\"worker with timer\" style=\"width:67px;height:auto\"\/><\/figure>\n\n\n\n<h3 class=\"wp-block-heading has-luminous-vivid-amber-color has-text-color has-link-color wp-elements-f247e8348ed99b4a72e9bf82ac183b9c\" style=\"margin-top:16px\">Cumplimiento Normativo<\/h3>\n\n\n\n<p>Todos nuestros procesos e insumos se alinean estrictamente a los manuales de se\u00f1alizaci\u00f3n y seguridad vial vigentes.<\/p>\n<\/div>\n\n\n\n<div class=\"wp-block-column is-layout-flow wp-container-core-column-is-layout-6b73ce23 wp-block-column-is-layout-flow\">\n<figure class=\"wp-block-image size-large is-resized\"><img decoding=\"async\" src=\"https:\/\/controlvial.mx\/wp-content\/themes\/astra\/inc\/assets\/images\/starter-content\/professional.svg\" alt=\"\" class=\"wp-image-163\" style=\"width:73px;height:auto\"\/><\/figure>\n\n\n\n<h3 class=\"wp-block-heading has-luminous-vivid-amber-color has-text-color has-link-color wp-elements-761420b0f1434d20c1ca0ecfa0ec948e\" style=\"margin-top:16px\">Personal Calificado<\/h3>\n\n\n\n<p>Contamos con ingenieros y cuadrillas especializadas en maniobras de alto riesgo y log\u00edstica vial.<\/p>\n<\/div>\n\n\n\n<div class=\"wp-block-column is-layout-flow wp-container-core-column-is-layout-6b73ce23 wp-block-column-is-layout-flow\">\n<figure class=\"wp-block-image size-large is-resized\"><img decoding=\"async\" src=\"https:\/\/controlvial.mx\/wp-content\/themes\/astra\/inc\/assets\/images\/starter-content\/road.svg\" alt=\"\" style=\"width:67px;height:auto\"\/><\/figure>\n\n\n\n<h3 class=\"wp-block-heading has-luminous-vivid-amber-color has-text-color has-link-color wp-elements-a4c1ec579cbfa039d8df8ce6d1329168\" style=\"margin-top:16px\">Equipamiento Moderno<\/h3>\n\n\n\n<p>Utilizamos maquinaria de precisi\u00f3n para acabados duraderos que resisten el tr\u00e1fico pesado y el clima extremo.<\/p>\n<\/div>\n<\/div>\n<\/div>\n\n\n\n<p><\/p>\n","protected":false},"excerpt":{"rendered":"<p>Soluciones 360\u00ba Servicios de bacheo, reencarpetamiento y conservaci\u00f3n de tramos viales para garantizar traslados seguros y fluidos Se\u00f1alizaci\u00f3n Aplicaci\u00f3n de [&hellip;]<\/p>\n","protected":false},"author":1,"featured_media":0,"parent":0,"menu_order":0,"comment_status":"closed","ping_status":"closed","template":"","meta":{"site-sidebar-layout":"no-sidebar","site-content-layout":"plain-container","ast-site-content-layout":"default","site-content-style":"default","site-sidebar-style":"default","ast-global-header-display":"","ast-banner-title-visibility":"","ast-main-header-display":"","ast-hfb-above-header-display":"","ast-hfb-below-header-display":"","ast-hfb-mobile-header-display":"","site-post-title":"disabled","ast-breadcrumbs-content":"","ast-featured-img":"","footer-sml-layout":"","ast-disable-related-posts":"","theme-transparent-header-meta":"enabled","adv-header-id-meta":"","stick-header-meta":"","header-above-stick-meta":"","header-main-stick-meta":"","header-below-stick-meta":"","astra-migrate-meta-layouts":"default","ast-page-background-enabled":"default","ast-page-background-meta":{"desktop":{"background-color":"var(--ast-global-color-5)","background-image":"","background-repeat":"repeat","background-position":"center center","background-size":"auto","background-attachment":"scroll","background-type":"","background-media":"","overlay-type":"","overlay-color":"","overlay-opacity":"","overlay-gradient":""},"tablet":{"background-color":"","background-image":"","background-repeat":"repeat","background-position":"center center","background-size":"auto","background-attachment":"scroll","background-type":"","background-media":"","overlay-type":"","overlay-color":"","overlay-opacity":"","overlay-gradient":""},"mobile":{"background-color":"","background-image":"","background-repeat":"repeat","background-position":"center center","background-size":"auto","background-attachment":"scroll","background-type":"","background-media":"","overlay-type":"","overlay-color":"","overlay-opacity":"","overlay-gradient":""}},"ast-content-background-meta":{"desktop":{"background-color":"var(--ast-global-color-4)","background-image":"","background-repeat":"repeat","background-position":"center center","background-size":"auto","background-attachment":"scroll","background-type":"","background-media":"","overlay-type":"","overlay-color":"","overlay-opacity":"","overlay-gradient":""},"tablet":{"background-color":"var(--ast-global-color-4)","background-image":"","background-repeat":"repeat","background-position":"center center","background-size":"auto","background-attachment":"scroll","background-type":"","background-media":"","overlay-type":"","overlay-color":"","overlay-opacity":"","overlay-gradient":""},"mobile":{"background-color":"var(--ast-global-color-4)","background-image":"","background-repeat":"repeat","background-position":"center center","background-size":"auto","background-attachment":"scroll","background-type":"","background-media":"","overlay-type":"","overlay-color":"","overlay-opacity":"","overlay-gradient":""}},"footnotes":""},"class_list":["post-9","page","type-page","status-publish","hentry"],"_links":{"self":[{"href":"https:\/\/controlvial.mx\/index.php\/wp-json\/wp\/v2\/pages\/9","targetHints":{"allow":["GET"]}}],"collection":[{"href":"https:\/\/controlvial.mx\/index.php\/wp-json\/wp\/v2\/pages"}],"about":[{"href":"https:\/\/controlvial.mx\/index.php\/wp-json\/wp\/v2\/types\/page"}],"author":[{"embeddable":true,"href":"https:\/\/controlvial.mx\/index.php\/wp-json\/wp\/v2\/users\/1"}],"replies":[{"embeddable":true,"href":"https:\/\/controlvial.mx\/index.php\/wp-json\/wp\/v2\/comments?post=9"}],"version-history":[{"count":38,"href":"https:\/\/controlvial.mx\/index.php\/wp-json\/wp\/v2\/pages\/9\/revisions"}],"predecessor-version":[{"id":77,"href":"https:\/\/controlvial.mx\/index.php\/wp-json\/wp\/v2\/pages\/9\/revisions\/77"}],"wp:attachment":[{"href":"https:\/\/controlvial.mx\/index.php\/wp-json\/wp\/v2\/media?parent=9"}],"curies":[{"name":"wp","href":"https:\/\/api.w.org\/{rel}","templated":true}]}}